{"id":1197,"date":"2025-11-01T19:34:54","date_gmt":"2025-11-01T18:34:54","guid":{"rendered":"https:\/\/caltuset.com\/producte\/caja-de-magdalenas-de-24-unidades\/"},"modified":"2026-01-27T13:36:05","modified_gmt":"2026-01-27T12:36:05","slug":"caja-de-magdalenas-de-24-unidades","status":"publish","type":"product","link":"https:\/\/caltuset.com\/es\/producte\/caja-de-magdalenas-de-24-unidades\/","title":{"rendered":"Caja de magdalenas de 24 unidades"},"content":{"rendered":"<p>Nuestra <strong data-start=\"24\" data-end=\"68\">caja de magdalenas personalizada ideal<\/strong> para cualquier ocasi\u00f3n. Puedes <strong data-start=\"98\" data-end=\"160\">configurar tu propia selecci\u00f3n de magdalenas artesanas<\/strong> , combinando las <strong data-start=\"176\" data-end=\"216\">variedades y sabores que m\u00e1s te gusten<\/strong> : chocolate, confituras, fruta, frutos secos, crema\u2026 Todas nuestras magdalenas est\u00e1n <strong data-start=\"311\" data-end=\"380\">elaboradas artesanalmente con ingredientes naturales y de proximidad<\/strong> , para que disfrutes de un producto fresco, .<br data-start=\"454\" data-end=\"457\"> Perfecta para <strong data-start=\"470\" data-end=\"515\">regalar, sorprender o darte un capricho<\/strong> , la caja de magdalenas de Cal Tuset te permite <strong data-start=\"563\" data-end=\"602\">personalizar hasta el \u00faltimo detalle<\/strong> y degustar el aut\u00e9ntico sabor de la tradici\u00f3n.<\/p>\n","protected":false},"excerpt":{"rendered":"<p>Nuestra caja de magdalenas personalizada ideal para cualquier ocasi\u00f3n. Puedes configurar tu propia selecci\u00f3n de magdalenas artesanas , combinando las variedades y sabores que m\u00e1s te gusten : chocolate, confituras, fruta, frutos secos, crema\u2026 Todas nuestras magdalenas est\u00e1n elaboradas artesanalmente con ingredientes naturales y de proximidad , para que disfrutes de un producto fresco, . [&hellip;]<\/p>\n","protected":false},"featured_media":1149,"comment_status":"open","ping_status":"closed","template":"","meta":[],"product_brand":[],"product_cat":[37],"product_tag":[],"class_list":{"0":"post-1197","1":"product","2":"type-product","3":"status-publish","4":"has-post-thumbnail","6":"product_cat-uncategorized-ca","8":"first","9":"instock","10":"taxable","11":"shipping-taxable","12":"purchasable","13":"product-type-mix-and-match"},"yoast_head":"<!-- This site is optimized with the Yoast SEO plugin v27.5 - https:\/\/yoast.com\/product\/yoast-seo-wordpress\/ -->\n<title>Caja de magdalenas de 24 unidades - Cal Tuset<\/title>\n<meta name=\"robots\" content=\"index, follow, max-snippet:-1, max-image-preview:large, max-video-preview:-1\" \/>\n<link rel=\"canonical\" href=\"https:\/\/caltuset.com\/es\/producte\/caja-de-magdalenas-de-24-unidades\/\" \/>\n<meta property=\"og:locale\" content=\"es_ES\" \/>\n<meta property=\"og:type\" content=\"article\" \/>\n<meta property=\"og:title\" content=\"Caja de magdalenas de 24 unidades - Cal Tuset\" \/>\n<meta property=\"og:description\" content=\"Nuestra caja de magdalenas personalizada ideal para cualquier ocasi\u00f3n. Puedes configurar tu propia selecci\u00f3n de magdalenas artesanas , combinando las variedades y sabores que m\u00e1s te gusten : chocolate, confituras, fruta, frutos secos, crema\u2026 Todas nuestras magdalenas est\u00e1n elaboradas artesanalmente con ingredientes naturales y de proximidad , para que disfrutes de un producto fresco, . [&hellip;]\" \/>\n<meta property=\"og:url\" content=\"https:\/\/caltuset.com\/es\/producte\/caja-de-magdalenas-de-24-unidades\/\" \/>\n<meta property=\"og:site_name\" content=\"Cal Tuset\" \/>\n<meta property=\"article:modified_time\" content=\"2026-01-27T12:36:05+00:00\" \/>\n<meta property=\"og:image\" content=\"https:\/\/caltuset.com\/wp-content\/uploads\/2025\/10\/cal-tuset_caixa-magdalenes.webp\" \/>\n\t<meta property=\"og:image:width\" content=\"1024\" \/>\n\t<meta property=\"og:image:height\" content=\"788\" \/>\n\t<meta property=\"og:image:type\" content=\"image\/webp\" \/>\n<meta name=\"twitter:card\" content=\"summary_large_image\" \/>\n<meta name=\"twitter:label1\" content=\"Tiempo de lectura\" \/>\n\t<meta name=\"twitter:data1\" content=\"1 minuto\" \/>\n<script type=\"application\/ld+json\" class=\"yoast-schema-graph\">{\"@context\":\"https:\\\/\\\/schema.org\",\"@graph\":[{\"@type\":\"WebPage\",\"@id\":\"https:\\\/\\\/caltuset.com\\\/es\\\/producte\\\/caja-de-magdalenas-de-24-unidades\\\/\",\"url\":\"https:\\\/\\\/caltuset.com\\\/es\\\/producte\\\/caja-de-magdalenas-de-24-unidades\\\/\",\"name\":\"Caja de magdalenas de 24 unidades - Cal Tuset\",\"isPartOf\":{\"@id\":\"https:\\\/\\\/caltuset.com\\\/es\\\/#website\"},\"primaryImageOfPage\":{\"@id\":\"https:\\\/\\\/caltuset.com\\\/es\\\/producte\\\/caja-de-magdalenas-de-24-unidades\\\/#primaryimage\"},\"image\":{\"@id\":\"https:\\\/\\\/caltuset.com\\\/es\\\/producte\\\/caja-de-magdalenas-de-24-unidades\\\/#primaryimage\"},\"thumbnailUrl\":\"https:\\\/\\\/caltuset.com\\\/wp-content\\\/uploads\\\/2025\\\/10\\\/cal-tuset_caixa-magdalenes.webp\",\"datePublished\":\"2025-11-01T18:34:54+00:00\",\"dateModified\":\"2026-01-27T12:36:05+00:00\",\"breadcrumb\":{\"@id\":\"https:\\\/\\\/caltuset.com\\\/es\\\/producte\\\/caja-de-magdalenas-de-24-unidades\\\/#breadcrumb\"},\"inLanguage\":\"es\",\"potentialAction\":[{\"@type\":\"ReadAction\",\"target\":[\"https:\\\/\\\/caltuset.com\\\/es\\\/producte\\\/caja-de-magdalenas-de-24-unidades\\\/\"]}]},{\"@type\":\"ImageObject\",\"inLanguage\":\"es\",\"@id\":\"https:\\\/\\\/caltuset.com\\\/es\\\/producte\\\/caja-de-magdalenas-de-24-unidades\\\/#primaryimage\",\"url\":\"https:\\\/\\\/caltuset.com\\\/wp-content\\\/uploads\\\/2025\\\/10\\\/cal-tuset_caixa-magdalenes.webp\",\"contentUrl\":\"https:\\\/\\\/caltuset.com\\\/wp-content\\\/uploads\\\/2025\\\/10\\\/cal-tuset_caixa-magdalenes.webp\",\"width\":1024,\"height\":788,\"caption\":\"Caja de magdalenas Cal Tuset\"},{\"@type\":\"BreadcrumbList\",\"@id\":\"https:\\\/\\\/caltuset.com\\\/es\\\/producte\\\/caja-de-magdalenas-de-24-unidades\\\/#breadcrumb\",\"itemListElement\":[{\"@type\":\"ListItem\",\"position\":1,\"name\":\"Inici\",\"item\":\"https:\\\/\\\/caltuset.com\\\/es\\\/inicio\\\/\"},{\"@type\":\"ListItem\",\"position\":2,\"name\":\"Tienda\",\"item\":\"https:\\\/\\\/caltuset.com\\\/es\\\/tienda\\\/\"},{\"@type\":\"ListItem\",\"position\":3,\"name\":\"Caja de magdalenas de 24 unidades\"}]},{\"@type\":\"WebSite\",\"@id\":\"https:\\\/\\\/caltuset.com\\\/es\\\/#website\",\"url\":\"https:\\\/\\\/caltuset.com\\\/es\\\/\",\"name\":\"Cal Tuset\",\"description\":\"Magdalenes tan tendres com un nad\u00f3\",\"publisher\":{\"@id\":\"https:\\\/\\\/caltuset.com\\\/es\\\/#organization\"},\"potentialAction\":[{\"@type\":\"SearchAction\",\"target\":{\"@type\":\"EntryPoint\",\"urlTemplate\":\"https:\\\/\\\/caltuset.com\\\/es\\\/?s={search_term_string}\"},\"query-input\":{\"@type\":\"PropertyValueSpecification\",\"valueRequired\":true,\"valueName\":\"search_term_string\"}}],\"inLanguage\":\"es\"},{\"@type\":\"Organization\",\"@id\":\"https:\\\/\\\/caltuset.com\\\/es\\\/#organization\",\"name\":\"Cal Tuset\",\"url\":\"https:\\\/\\\/caltuset.com\\\/es\\\/\",\"logo\":{\"@type\":\"ImageObject\",\"inLanguage\":\"es\",\"@id\":\"https:\\\/\\\/caltuset.com\\\/es\\\/#\\\/schema\\\/logo\\\/image\\\/\",\"url\":\"https:\\\/\\\/caltuset.com\\\/wp-content\\\/uploads\\\/2024\\\/10\\\/cal-tuset_logotip.svg\",\"contentUrl\":\"https:\\\/\\\/caltuset.com\\\/wp-content\\\/uploads\\\/2024\\\/10\\\/cal-tuset_logotip.svg\",\"caption\":\"Cal Tuset\"},\"image\":{\"@id\":\"https:\\\/\\\/caltuset.com\\\/es\\\/#\\\/schema\\\/logo\\\/image\\\/\"}}]}<\/script>\n<!-- \/ Yoast SEO plugin. -->","yoast_head_json":{"title":"Caja de magdalenas de 24 unidades - Cal Tuset","robots":{"index":"index","follow":"follow","max-snippet":"max-snippet:-1","max-image-preview":"max-image-preview:large","max-video-preview":"max-video-preview:-1"},"canonical":"https:\/\/caltuset.com\/es\/producte\/caja-de-magdalenas-de-24-unidades\/","og_locale":"es_ES","og_type":"article","og_title":"Caja de magdalenas de 24 unidades - Cal Tuset","og_description":"Nuestra caja de magdalenas personalizada ideal para cualquier ocasi\u00f3n. Puedes configurar tu propia selecci\u00f3n de magdalenas artesanas , combinando las variedades y sabores que m\u00e1s te gusten : chocolate, confituras, fruta, frutos secos, crema\u2026 Todas nuestras magdalenas est\u00e1n elaboradas artesanalmente con ingredientes naturales y de proximidad , para que disfrutes de un producto fresco, . [&hellip;]","og_url":"https:\/\/caltuset.com\/es\/producte\/caja-de-magdalenas-de-24-unidades\/","og_site_name":"Cal Tuset","article_modified_time":"2026-01-27T12:36:05+00:00","og_image":[{"width":1024,"height":788,"url":"https:\/\/caltuset.com\/wp-content\/uploads\/2025\/10\/cal-tuset_caixa-magdalenes.webp","type":"image\/webp"}],"twitter_card":"summary_large_image","twitter_misc":{"Tiempo de lectura":"1 minuto"},"schema":{"@context":"https:\/\/schema.org","@graph":[{"@type":"WebPage","@id":"https:\/\/caltuset.com\/es\/producte\/caja-de-magdalenas-de-24-unidades\/","url":"https:\/\/caltuset.com\/es\/producte\/caja-de-magdalenas-de-24-unidades\/","name":"Caja de magdalenas de 24 unidades - Cal Tuset","isPartOf":{"@id":"https:\/\/caltuset.com\/es\/#website"},"primaryImageOfPage":{"@id":"https:\/\/caltuset.com\/es\/producte\/caja-de-magdalenas-de-24-unidades\/#primaryimage"},"image":{"@id":"https:\/\/caltuset.com\/es\/producte\/caja-de-magdalenas-de-24-unidades\/#primaryimage"},"thumbnailUrl":"https:\/\/caltuset.com\/wp-content\/uploads\/2025\/10\/cal-tuset_caixa-magdalenes.webp","datePublished":"2025-11-01T18:34:54+00:00","dateModified":"2026-01-27T12:36:05+00:00","breadcrumb":{"@id":"https:\/\/caltuset.com\/es\/producte\/caja-de-magdalenas-de-24-unidades\/#breadcrumb"},"inLanguage":"es","potentialAction":[{"@type":"ReadAction","target":["https:\/\/caltuset.com\/es\/producte\/caja-de-magdalenas-de-24-unidades\/"]}]},{"@type":"ImageObject","inLanguage":"es","@id":"https:\/\/caltuset.com\/es\/producte\/caja-de-magdalenas-de-24-unidades\/#primaryimage","url":"https:\/\/caltuset.com\/wp-content\/uploads\/2025\/10\/cal-tuset_caixa-magdalenes.webp","contentUrl":"https:\/\/caltuset.com\/wp-content\/uploads\/2025\/10\/cal-tuset_caixa-magdalenes.webp","width":1024,"height":788,"caption":"Caja de magdalenas Cal Tuset"},{"@type":"BreadcrumbList","@id":"https:\/\/caltuset.com\/es\/producte\/caja-de-magdalenas-de-24-unidades\/#breadcrumb","itemListElement":[{"@type":"ListItem","position":1,"name":"Inici","item":"https:\/\/caltuset.com\/es\/inicio\/"},{"@type":"ListItem","position":2,"name":"Tienda","item":"https:\/\/caltuset.com\/es\/tienda\/"},{"@type":"ListItem","position":3,"name":"Caja de magdalenas de 24 unidades"}]},{"@type":"WebSite","@id":"https:\/\/caltuset.com\/es\/#website","url":"https:\/\/caltuset.com\/es\/","name":"Cal Tuset","description":"Magdalenes tan tendres com un nad\u00f3","publisher":{"@id":"https:\/\/caltuset.com\/es\/#organization"},"potentialAction":[{"@type":"SearchAction","target":{"@type":"EntryPoint","urlTemplate":"https:\/\/caltuset.com\/es\/?s={search_term_string}"},"query-input":{"@type":"PropertyValueSpecification","valueRequired":true,"valueName":"search_term_string"}}],"inLanguage":"es"},{"@type":"Organization","@id":"https:\/\/caltuset.com\/es\/#organization","name":"Cal Tuset","url":"https:\/\/caltuset.com\/es\/","logo":{"@type":"ImageObject","inLanguage":"es","@id":"https:\/\/caltuset.com\/es\/#\/schema\/logo\/image\/","url":"https:\/\/caltuset.com\/wp-content\/uploads\/2024\/10\/cal-tuset_logotip.svg","contentUrl":"https:\/\/caltuset.com\/wp-content\/uploads\/2024\/10\/cal-tuset_logotip.svg","caption":"Cal Tuset"},"image":{"@id":"https:\/\/caltuset.com\/es\/#\/schema\/logo\/image\/"}}]}},"_links":{"self":[{"href":"https:\/\/caltuset.com\/es\/wp-json\/wp\/v2\/product\/1197","targetHints":{"allow":["GET"]}}],"collection":[{"href":"https:\/\/caltuset.com\/es\/wp-json\/wp\/v2\/product"}],"about":[{"href":"https:\/\/caltuset.com\/es\/wp-json\/wp\/v2\/types\/product"}],"replies":[{"embeddable":true,"href":"https:\/\/caltuset.com\/es\/wp-json\/wp\/v2\/comments?post=1197"}],"wp:featuredmedia":[{"embeddable":true,"href":"https:\/\/caltuset.com\/es\/wp-json\/wp\/v2\/media\/1149"}],"wp:attachment":[{"href":"https:\/\/caltuset.com\/es\/wp-json\/wp\/v2\/media?parent=1197"}],"wp:term":[{"taxonomy":"product_brand","embeddable":true,"href":"https:\/\/caltuset.com\/es\/wp-json\/wp\/v2\/product_brand?post=1197"},{"taxonomy":"product_cat","embeddable":true,"href":"https:\/\/caltuset.com\/es\/wp-json\/wp\/v2\/product_cat?post=1197"},{"taxonomy":"product_tag","embeddable":true,"href":"https:\/\/caltuset.com\/es\/wp-json\/wp\/v2\/product_tag?post=1197"}],"curies":[{"name":"wp","href":"https:\/\/api.w.org\/{rel}","templated":true}]}}